{"id":45,"date":"2021-01-23T14:33:17","date_gmt":"2021-01-23T13:33:17","guid":{"rendered":"http:\/\/jl-sitesvitrines.ovh\/omacaron\/?page_id=45"},"modified":"2021-06-18T16:58:19","modified_gmt":"2021-06-18T14:58:19","slug":"accueil","status":"publish","type":"page","link":"https:\/\/jl-sitesvitrines.ovh\/omacaron\/","title":{"rendered":"Accueil"},"content":{"rendered":"<div class=\"text-center\"><img decoding=\"async\" src=\"http:\/\/jl-sitesvitrines.ovh\/omacaron\/wp-content\/uploads\/2021\/01\/lavande.png\"><p><\/p>\n<div>\n<h2 class=\"text-center\">Notre histoire<\/h2>\n<p class=\"text-center\">Nos macarons repr\u00e9sentent toute la diversit\u00e9 des saveurs de la Provence.<br>Alliant originalit\u00e9 et qualit\u00e9, nous axons nos cr\u00e9ations sur des \u00e9changes avec les producteurs locaux.<br>Bio, respect de la saisonnalit\u00e9, qualit\u00e9, proximit\u00e9 et vari\u00e9t\u00e9 sont le credo de notre enseigne.<\/p>\n<\/div>\n<\/div>\n\n\n<div class=\"wp-block-buttons is-content-justification-center hover-btn-vert pt-2 pb-5 is-layout-flex wp-block-buttons-is-layout-flex\">\n<div class=\"wp-block-button is-style-outline is-style-outline--1\"><a class=\"wp-block-button__link has-text-color\" href=\"http:\/\/jl-sitesvitrines.ovh\/omacaron\/notre-histoire\/\" style=\"color:#93c199\">En Savoir Plus<\/a><\/div>\n<\/div>\n\n\n<p><img decoding=\"async\" class=\"w-100\" src=\"http:\/\/jl-sitesvitrines.ovh\/omacaron\/wp-content\/uploads\/2021\/01\/wallhaven.jpg\" \/><\/p>\n<div class=\"text-center pt-5 pb-2\"><img decoding=\"async\" src=\"http:\/\/jl-sitesvitrines.ovh\/omacaron\/wp-content\/uploads\/2021\/01\/lavande-droite.png\" \/>\n<p>\u00a0<\/p>\n<div>\u00a0<\/div>\n<\/div>\n<h2 class=\"text-center\">Nos Produits<\/h2>\n<p class=\"text-center\">Fraises de Carpentras, Melon de Cavaillon, Lavande, Figue, Thym, Romarin, Amande, Anis, Verveine.<br \/>Couleurs acidul\u00e9es, saveurs typiques, odeurs chaleureuses toute une palette de tons et de saveurs li\u00e9s au soleil de la Provence<br \/>et pour certains \u00e0 notre enfance.<\/p>\n<div id=\"carouselExampleControls\" class=\"carousel slide\" data-ride=\"carousel\">\n<div class=\"carousel-inner\">\n<div class=\"carousel-item active\"><img decoding=\"async\" class=\"d-block w-100\" src=\"http:\/\/jl-sitesvitrines.ovh\/omacaron\/wp-content\/uploads\/2021\/01\/carousel-scaled-1.jpg\" alt=\"First slide\" \/>\n<p>\u00a0<\/p>\n<div class=\"carousel-caption\">\n<div class=\"button-carousel lg-mb-5 d-none d-sm-block\"><a href=\"http:\/\/jl-sitesvitrines.ovh\/omacaron\/nos-macarons\/\">Voir nos Macarons<\/a><\/div>\n<div class=\"button-carousel-2 d-block d-sm-none\"><a href=\"http:\/\/jl-sitesvitrines.ovh\/omacaron\/nos-macarons\/\">Voir nos Macarons<\/a><\/div>\n<p>\u00a0<\/p>\n<\/div>\n<\/div>\n<div class=\"carousel-item\"><img decoding=\"async\" class=\"d-block w-100\" src=\"http:\/\/jl-sitesvitrines.ovh\/omacaron\/wp-content\/uploads\/2021\/01\/carousel-2.jpg\" alt=\"Second slide\" \/>\n<p>\u00a0<\/p>\n<div class=\"carousel-caption\">\n<div class=\"button-carousel lg-mb-5 d-none d-sm-block\"><a href=\"http:\/\/jl-sitesvitrines.ovh\/omacaron\/nos-macarons\/\">Voir nos Macarons<\/a><\/div>\n<div class=\"button-carousel-2 d-block d-sm-none\"><a href=\"http:\/\/jl-sitesvitrines.ovh\/omacaron\/nos-macarons\/\">Voir nos Macarons<\/a><\/div>\n<p>\u00a0<\/p>\n<\/div>\n<\/div>\n<div class=\"carousel-item\"><img decoding=\"async\" class=\"d-block w-100\" src=\"http:\/\/jl-sitesvitrines.ovh\/omacaron\/wp-content\/uploads\/2021\/01\/carousel-1-scaled-1.jpg\" alt=\"Third slide\" \/>\n<p>\u00a0<\/p>\n<div class=\"carousel-caption\">\n<div class=\"button-carousel lg-mb-5 d-none d-sm-block\"><a href=\"http:\/\/jl-sitesvitrines.ovh\/omacaron\/nos-macarons\/\">Voir nos Macarons<\/a><\/div>\n<div class=\"button-carousel-2 d-block d-sm-none\"><a href=\"http:\/\/jl-sitesvitrines.ovh\/omacaron\/nos-macarons\/\">Voir nos Macarons<\/a><\/div>\n<p>\u00a0<\/p>\n<\/div>\n<\/div>\n<p>\u00a0<\/p>\n<p><a class=\"carousel-control-prev\" role=\"button\" href=\"#carouselExampleControls\" data-slide=\"prev\">\u00a0<\/a><\/p>\n<p><a class=\"carousel-control-prev\" role=\"button\" href=\"#carouselExampleControls\" data-slide=\"prev\"><span class=\"sr-only\">Previous<\/span><br \/><\/a><\/p>\n<p><a class=\"carousel-control-next\" role=\"button\" href=\"#carouselExampleControls\" data-slide=\"next\">\u00a0<\/a><\/p>\n<p><a class=\"carousel-control-next\" role=\"button\" href=\"#carouselExampleControls\" data-slide=\"next\"><span class=\"sr-only\">Next<\/span><br \/><\/a><\/p>\n<\/div>\n<\/div>\n<div class=\"container pt-5\">\n<div class=\"row h-100\">\n<div class=\"col-lg-6\"><img decoding=\"async\" class=\"img-fluid\" src=\"http:\/\/jl-sitesvitrines.ovh\/omacaron\/wp-content\/uploads\/2021\/01\/atelier_acc.png\" alt=\"atelier\" \/><\/div>\n<div class=\"col-lg-6 align-self-center\">\n<h2 class=\"text-center pt-5 pt-lg-0 pb-5\">Les Ateliers<\/h2>\n<div class=\"text-center pb-5\"><img decoding=\"async\" src=\"http:\/\/jl-sitesvitrines.ovh\/omacaron\/wp-content\/uploads\/2021\/01\/pastry-bag.png\" \/><\/div>\n<p class=\"text-center pb-3\">Le premier mercredi matin de chaque mois, pour votre plaisir et le n\u00f4tre,<br \/>O\u2019Macaron ouvre sa cuisine afin de r\u00e9aliser avec vous ses meilleures recettes<\/p>\n<p class=\"text-center\">Pour participer, inscrivez-vous<\/p>\n<div class=\"text-center\">\n<div class=\"button-atelier lg-mb-5\"><a href=\"http:\/\/jl-sitesvitrines.ovh\/omacaron\/event\/atelier\/\">S&rsquo;inscrire<\/a><\/div>\n<p>\u00a0<\/p>\n<\/div>\n<div class=\"text-center\"><img decoding=\"async\" src=\"http:\/\/jl-sitesvitrines.ovh\/omacaron\/wp-content\/uploads\/2021\/01\/lavande.png\" \/><\/div>\n<p>\u00a0<\/p>\n<\/div>\n<\/div>\n<\/div>","protected":false},"excerpt":{"rendered":"<p>Notre histoire Nos macarons repr\u00e9sentent toute la diversit\u00e9 des saveurs de la Provence.Alliant originalit\u00e9 et qualit\u00e9, nous axons nos cr\u00e9ations sur des \u00e9changes avec les producteurs locaux.Bio, respect de la [&hellip;]<\/p>\n","protected":false},"author":1,"featured_media":0,"parent":0,"menu_order":0,"comment_status":"closed","ping_status":"closed","template":"fullwidthnotitle.php","meta":{"_price":"","_stock":"","_tribe_ticket_header":"","_tribe_default_ticket_provider":"","_tribe_ticket_capacity":"0","_ticket_start_date":"","_ticket_end_date":"","_tribe_ticket_show_description":"","_tribe_ticket_show_not_going":false,"_tribe_ticket_use_global_stock":"","_tribe_ticket_global_stock_level":"","_global_stock_mode":"","_global_stock_cap":"","_tribe_rsvp_for_event":"","_tribe_ticket_going_count":"","_tribe_ticket_not_going_count":"","_tribe_tickets_list":"[]","_tribe_ticket_has_attendee_info_fields":false,"footnotes":""},"class_list":["post-45","page","type-page","status-publish","hentry"],"_links":{"self":[{"href":"https:\/\/jl-sitesvitrines.ovh\/omacaron\/wp-json\/wp\/v2\/pages\/45","targetHints":{"allow":["GET"]}}],"collection":[{"href":"https:\/\/jl-sitesvitrines.ovh\/omacaron\/wp-json\/wp\/v2\/pages"}],"about":[{"href":"https:\/\/jl-sitesvitrines.ovh\/omacaron\/wp-json\/wp\/v2\/types\/page"}],"author":[{"embeddable":true,"href":"https:\/\/jl-sitesvitrines.ovh\/omacaron\/wp-json\/wp\/v2\/users\/1"}],"replies":[{"embeddable":true,"href":"https:\/\/jl-sitesvitrines.ovh\/omacaron\/wp-json\/wp\/v2\/comments?post=45"}],"version-history":[{"count":67,"href":"https:\/\/jl-sitesvitrines.ovh\/omacaron\/wp-json\/wp\/v2\/pages\/45\/revisions"}],"predecessor-version":[{"id":215,"href":"https:\/\/jl-sitesvitrines.ovh\/omacaron\/wp-json\/wp\/v2\/pages\/45\/revisions\/215"}],"wp:attachment":[{"href":"https:\/\/jl-sitesvitrines.ovh\/omacaron\/wp-json\/wp\/v2\/media?parent=45"}],"curies":[{"name":"wp","href":"https:\/\/api.w.org\/{rel}","templated":true}]}}