{"id":151,"date":"2021-01-25T22:38:45","date_gmt":"2021-01-25T21:38:45","guid":{"rendered":"http:\/\/jl-sitesvitrines.ovh\/omacaron\/?page_id=151"},"modified":"2021-01-27T22:51:12","modified_gmt":"2021-01-27T21:51:12","slug":"mentions-legales","status":"publish","type":"page","link":"https:\/\/jl-sitesvitrines.ovh\/omacaron\/mentions-legales\/","title":{"rendered":"Mentions l\u00e9gales"},"content":{"rendered":"<p>Raison sociale : OMACARON<br \/>\nforme juridique : SARL Capital : 7,500.00 \u20ac<br \/>\nSi\u00e8ge social : 15, all\u00e9e de Craponne \u2013 13300 Salon de Provence<br \/>\nEmail : contact@omacaron.fr<br \/>\nTel : 04.42.78.54.78 RCS : SALON DE PROVENCE 420 XXX 972 000XX<br \/>\nTVA Intra : FR80 XXX APE : 1071D Webmaster : Ludovi<br \/>\nH\u00e9bergement : OVH Adresse : 2 rue Kellermann \u2013 59100 Roubaix \u2013 France<br \/>\nRCS : Lille M\u00e9tropole 424 761 419 00045<br \/>\nAPE : 2620Z<br \/>\ntel : 1017<br \/>\nEnregistr\u00e9 aupr\u00e8s de la CNIL sous le num\u00e9ro XXXXXXXXX.<\/p>\n<p>L\u2019adresse de notre site Web est : http:\/\/omacaron.fr\/wordpress<\/p>\n<p>Conform\u00e9ment \u00e0 la loi n\u00b0 78-17 du 6 janvier 1978, relative \u00e0 l\u2019Informatique, aux Fichiers et aux Libert\u00e9s, vous disposez d\u2019un droit d\u2019acc\u00e8s et de rectification des donn\u00e9es \u00e0 caract\u00e8re personnel vous concernant et faisant l\u2019objet de traitements sous la responsabilit\u00e9 de la S\u00e9curit\u00e9 sociale pour les ind\u00e9pendants.<br \/>\nLimitation de responsabilit\u00e9<\/p>\n<p>Les informations contenues sur ce site sont aussi pr\u00e9cises que possibles et le site est p\u00e9riodiquement remis \u00e0 jour, mais peut toutefois contenir des inexactitudes, des omissions ou des lacunes. Si vous constatez une lacune, erreur ou ce qui para\u00eet \u00eatre un dysfonctionnement, merci de bien vouloir le signaler par email en d\u00e9crivant le probl\u00e8me de la mani\u00e8re la plus pr\u00e9cise possible (page posant probl\u00e8me, action d\u00e9clenchante, type d\u2019ordinateur et de navigateur utilis\u00e9, \u2026).<\/p>\n<p>Tout contenu t\u00e9l\u00e9charg\u00e9 se fait aux risques et p\u00e9rils de l\u2019utilisateur et sous sa seule responsabilit\u00e9. En cons\u00e9quence, Omacaron ne saurait \u00eatre tenu responsable d\u2019un quelconque dommage subi par l\u2019ordinateur de l\u2019utilisateur ou d\u2019une quelconque perte de donn\u00e9es cons\u00e9cutives au t\u00e9l\u00e9chargement.<\/p>\n<p>Les photos sont non contractuelles.<\/p>\n<p>Les liens hypertextes mis en place dans le cadre du pr\u00e9sent site internet en direction d\u2019autres ressources pr\u00e9sentes sur le r\u00e9seau Internet ne sauraient engager la responsabilit\u00e9 d\u2019Omacaron.<br \/>\nLitiges<\/p>\n<p>Les pr\u00e9sentes conditions sont r\u00e9gies par les lois fran\u00e7aises et toute contestation ou litiges qui pourraient na\u00eetre de l\u2019interpr\u00e9tation ou de l\u2019ex\u00e9cution de celles-ci seront de la comp\u00e9tence exclusive des tribunaux dont d\u00e9pend le si\u00e8ge social de la soci\u00e9t\u00e9 Omacaron. La langue de r\u00e9f\u00e9rence, pour le r\u00e8glement de contentieux \u00e9ventuels, est le fran\u00e7ais.<br \/>\nD\u00e9claration \u00e0 la CNIL<\/p>\n<p>Conform\u00e9ment \u00e0 la loi 78-17 du 6 janvier 1978 (modifi\u00e9e par la loi 2004-801 du 6 ao\u00fbt 2004 relative \u00e0 la protection des personnes physiques \u00e0 l\u2019\u00e9gard des traitements de donn\u00e9es \u00e0 caract\u00e8re personnel) relative \u00e0 l\u2019informatique, aux fichiers et aux libert\u00e9s, le site a fait l\u2019objet d\u2019une d\u00e9claration aupr\u00e8s de la Commission nationale de l\u2019informatique et des libert\u00e9s (www.cnil.fr).<br \/>\nDroit d\u2019acc\u00e8s<\/p>\n<p>En application de cette loi, les internautes disposent d\u2019un droit d\u2019acc\u00e8s, de rectification, de modification et de suppression concernant les donn\u00e9es qui les concernent personnellement. Ce droit peut \u00eatre exerc\u00e9 par voie postale aupr\u00e8s de Omacaron 15 all\u00e9e de Craponne 13300 Salon-de-Provence ou par voie \u00e9lectronique \u00e0 l\u2019adresse email suivante : contact@omacaron.fr.<br \/>\nLes informations personnelles collect\u00e9es ne sont en aucun cas confi\u00e9es \u00e0 des tiers hormis pour l\u2019\u00e9ventuelle bonne ex\u00e9cution de la prestation command\u00e9e par l\u2019internaute.<br \/>\nConfidentialit\u00e9<\/p>\n<p>Vos donn\u00e9es personnelles sont confidentielles et ne seront en aucun cas communiqu\u00e9es \u00e0 des tiers hormis pour la bonne ex\u00e9cution de la prestation.Collecte des renseignements personnels<\/p>\n<p>Nous collectons les renseignements suivants :<\/p>\n<p>Nom<br \/>\nPr\u00e9nom<br \/>\nAdresse postale<br \/>\nCode postal<br \/>\nDate de naissance<br \/>\nAdresse \u00e9lectronique<br \/>\nNum\u00e9ro de t\u00e9l\u00e9phone<\/p>\n<p>Les renseignements personnels que nous collectons sont recueillis au travers de formulaires et gr\u00e2ce \u00e0 l\u2019interactivit\u00e9 \u00e9tablie entre vous et notre site Web. Nous utilisons \u00e9galement, comme indiqu\u00e9 dans la section suivante, des fichiers t\u00e9moins et\/ou journaux pour r\u00e9unir des informations vous concernant.<br \/>\nFormulaire et interactivit\u00e9<\/p>\n<p>Vos renseignements personnels sont collect\u00e9s par le biais de formulaire, \u00e0 savoir : Formulaire de commande<br \/>\nNous utilisons les renseignements ainsi collect\u00e9s pour les finalit\u00e9s suivantes: Contact<br \/>\nVos renseignements sont \u00e9galement collect\u00e9s par le biais de l\u2019interactivit\u00e9 pouvant s\u2019\u00e9tablir entre vous et notre site Web et ce, de la fa\u00e7on suivante: Contact<br \/>\nNous utilisons les renseignements ainsi collect\u00e9s pour les finalit\u00e9s suivantes: Informations ou pour des offres promotionnelles<br \/>\nPropri\u00e9t\u00e9 intellectuelle<\/p>\n<p>Tout le contenu du pr\u00e9sent site, incluant, de fa\u00e7on non limitative, les graphismes, images, textes, vid\u00e9os, animations, sons, logos, gifs et ic\u00f4nes ainsi que leur mise en forme sont la propri\u00e9t\u00e9 exclusive de la soci\u00e9t\u00e9 Omacaron \u00e0 l\u2019exception des marques, logos ou contenus appartenant \u00e0 d\u2019autres soci\u00e9t\u00e9s partenaires ou auteurs.<br \/>\nToute reproduction, distribution, modification, adaptation, retransmission ou publication, m\u00eame partielle, de ces diff\u00e9rents \u00e9l\u00e9ments est strictement interdite sans l\u2019accord expr\u00e8s par \u00e9crit de Omacaron. Toute repr\u00e9sentation ou reproduction, par quelque proc\u00e9d\u00e9 que ce soit, constitue une contrefa\u00e7on sanctionn\u00e9e par les articles L.3335-2 et suivants du Code de la propri\u00e9t\u00e9 intellectuelle. Le non-respect de cette interdiction constitue une contrefa\u00e7on pouvant engager la responsabilit\u00e9 civile et p\u00e9nale du contrefacteur. En outre, les propri\u00e9taires des Contenus copi\u00e9s pourraient intenter une action en justice \u00e0 votre encontre.<\/p>\n<p>Omacaron est identiquement propri\u00e9taire des \u00ab droits des producteurs de bases de donn\u00e9es \u00bb vis\u00e9s au Livre III, Titre IV, du Code de la Propri\u00e9t\u00e9 Intellectuelle (loi n\u00b0 98-536 du 1er juillet 1998) relative aux droits d\u2019auteur et aux bases de donn\u00e9es.<\/p>\n<p>Les utilisateurs et visiteurs du site internet peuvent mettre en place un hyperlien en direction de ce site, mais uniquement en direction de la page d\u2019accueil, accessible \u00e0 l\u2019URL suivante : www.omacaron.fr, \u00e0 condition que ce lien s\u2019ouvre dans une nouvelle fen\u00eatre. En particulier un lien vers une sous page (\u00ab lien profond \u00bb) est interdit, ainsi que l\u2019ouverture du pr\u00e9sent site au sein d\u2019un cadre (\u00ab framing \u00bb), sauf l\u2019autorisation expresse et pr\u00e9alable de Omacaron .<\/p>\n<p>Pour toute demande d\u2019autorisation ou d\u2019information, veuillez nous contacter par email : contact@Omacaron.fr. Des conditions sp\u00e9cifiques sont pr\u00e9vues pour la presse.<br \/>\nConditions de service<\/p>\n<p>Ce site est propos\u00e9 en langages HTML et CSS, pour un meilleur confort d\u2019utilisation et un graphisme plus agr\u00e9able, nous vous recommandons de recourir \u00e0 des navigateurs modernes comme Safari, Firefox, Chrome,\u2026<br \/>\nInformations et exclusion<br \/>\nOmacaron met en \u0153uvre tous les moyens dont elle dispose, pour assurer une information fiable et une mise \u00e0 jour fiable de son site internet. Toutefois, des erreurs ou omissions peuvent survenir. L\u2019internaute devra donc s\u2019assurer de l\u2019exactitude des informations aupr\u00e8s de Omacaron, et signaler toutes modifications du site qu\u2019il jugerait utile. Omacaron n\u2019est en aucun cas responsable de l\u2019utilisation faite de ces informations, et de tout pr\u00e9judice direct ou indirect pouvant en d\u00e9couler.<br \/>\nCookies<\/p>\n<p>Nous utilisons les cookies afin de fournir les services et fonctionnalit\u00e9s propos\u00e9s sur notre site et afin d\u2019am\u00e9liorer l\u2019exp\u00e9rience de nos utilisateurs. Les cookies sont des donn\u00e9es qui sont t\u00e9l\u00e9charg\u00e9s ou stock\u00e9s sur votre ordinateur ou sur tout autre appareil.<\/p>\n<p>En cliquant sur \u201dOK\u201d, vous acceptez l\u2019utilisation des cookies. Vous pourrez toujours les d\u00e9sactiver ult\u00e9rieurement. Si vous supprimez ou d\u00e9sactivez nos cookies, vous pourriez rencontrer des interruptions ou des probl\u00e8mes d\u2019acc\u00e8s au site.<\/p>\n<p>En poursuivant votre navigation, vous acceptez le d\u00e9p\u00f4t de cookies tiers destin\u00e9s \u00e0 vous proposer des vid\u00e9os, des boutons de partage, des remont\u00e9es de contenus de plateformes sociales<\/p>\n<p>Nous utilisons des cookies pour nous permettre de mieux comprendre comment le site est utilis\u00e9. En continuant \u00e0 utiliser ce site, vous acceptez cette politique.<br \/>\nLiens hypertextes<\/p>\n<p>Le site internet de Omacaron peut offrir des liens vers d\u2019autres sites internet ou d\u2019autres ressources disponibles sur Internet.<\/p>\n<p>Omacaron ne dispose d\u2019aucun moyen pour contr\u00f4ler les sites en connexion avec son site internet.<\/p>\n<p>Omacaron ne r\u00e9pond pas de la disponibilit\u00e9 de tels sites et sources externes, ni ne la garantit. Elle ne peut \u00eatre tenue pour responsable de tout dommage, de quelque nature que ce soit, r\u00e9sultant du contenu de ces sites ou sources externes, et notamment des informations, produits ou services qu\u2019ils proposent, ou de tout usage qui peut \u00eatre fait de ces \u00e9l\u00e9ments. Les risques li\u00e9s \u00e0 cette utilisation incombent pleinement \u00e0 l\u2019internaute, qui doit se conformer \u00e0 leurs conditions d\u2019utilisation.<\/p>\n<p>Les utilisateurs, les abonn\u00e9s et les visiteurs du site internet de Omacaron ne peuvent mettre en place un hyperlien en direction de ce site sans l\u2019autorisation expresse et pr\u00e9alable de Omacaron.<\/p>\n<p>Dans l\u2019hypoth\u00e8se o\u00f9 un utilisateur ou visiteur souhaiterait mettre en place un hyperlien en direction d\u2019un des sites internet de Omacaron, il lui appartiendra d\u2019adresser un email accessible sur le site afin de formuler sa demande de mise en place d\u2019un hyperlien. Omacaron se r\u00e9serve le droit d\u2019accepter ou de refuser un hyperlien sans avoir \u00e0 en justifier sa d\u00e9cision.<br \/>\nRecherche<\/p>\n<p>En outre, le renvoi sur un site internet pour compl\u00e9ter une information recherch\u00e9e ne signifie en aucune fa\u00e7on que Omacaron reconna\u00eet ou accepte quelque responsabilit\u00e9 quant \u00e0 la teneur ou \u00e0 l\u2019utilisation dudit site.<br \/>\nPr\u00e9cautions d\u2019usage<\/p>\n<p>Il vous incombe par cons\u00e9quent de prendre les pr\u00e9cautions d\u2019usage n\u00e9cessaires pour vous assurer que ce que vous choisissez d\u2019utiliser ne soit pas entach\u00e9 d\u2019erreurs voire d\u2019\u00e9l\u00e9ments de nature destructrice tels que virus, trojans, etc\u2026.<br \/>\nResponsabilit\u00e9<\/p>\n<p>Aucune autre garantie n\u2019est accord\u00e9e au client, auquel incombe l\u2019obligation de formuler clairement ses besoins et le devoir de s\u2019informer. Si des informations fournies par Omacaron apparaissent inexactes, il appartiendra au client de proc\u00e9der lui-m\u00eame \u00e0 toutes v\u00e9rifications de la coh\u00e9rence ou de la vraisemblance des r\u00e9sultats obtenus. Omacaron ne sera en aucune fa\u00e7on responsable vis \u00e0 vis des tiers de l\u2019utilisation par le client des informations ou de leur absence contenues dans ses produits y compris un de ses sites Internet.<br \/>\nContactez-nous<\/p>\n<p>Omacaron est \u00e0 votre disposition pour tous vos commentaires ou suggestions. Vous pouvez nous \u00e9crire par courrier \u00e9lectronique \u00e0 : .<\/p>\n","protected":false},"excerpt":{"rendered":"<p>Raison sociale : OMACARON forme juridique : SARL Capital : 7,500.00 \u20ac Si\u00e8ge social : 15, all\u00e9e de Craponne \u2013 13300 Salon de Provence Email : contact@omacaron.fr Tel : 04.42.78.54.78 [&hellip;]<\/p>\n","protected":false},"author":1,"featured_media":0,"parent":0,"menu_order":0,"comment_status":"closed","ping_status":"closed","template":"","meta":{"_price":"","_stock":"","_tribe_ticket_header":"","_tribe_default_ticket_provider":"","_tribe_ticket_capacity":"0","_ticket_start_date":"","_ticket_end_date":"","_tribe_ticket_show_description":"","_tribe_ticket_show_not_going":false,"_tribe_ticket_use_global_stock":"","_tribe_ticket_global_stock_level":"","_global_stock_mode":"","_global_stock_cap":"","_tribe_rsvp_for_event":"","_tribe_ticket_going_count":"","_tribe_ticket_not_going_count":"","_tribe_tickets_list":"[]","_tribe_ticket_has_attendee_info_fields":false,"footnotes":""},"class_list":["post-151","page","type-page","status-publish","hentry"],"_links":{"self":[{"href":"https:\/\/jl-sitesvitrines.ovh\/omacaron\/wp-json\/wp\/v2\/pages\/151","targetHints":{"allow":["GET"]}}],"collection":[{"href":"https:\/\/jl-sitesvitrines.ovh\/omacaron\/wp-json\/wp\/v2\/pages"}],"about":[{"href":"https:\/\/jl-sitesvitrines.ovh\/omacaron\/wp-json\/wp\/v2\/types\/page"}],"author":[{"embeddable":true,"href":"https:\/\/jl-sitesvitrines.ovh\/omacaron\/wp-json\/wp\/v2\/users\/1"}],"replies":[{"embeddable":true,"href":"https:\/\/jl-sitesvitrines.ovh\/omacaron\/wp-json\/wp\/v2\/comments?post=151"}],"version-history":[{"count":3,"href":"https:\/\/jl-sitesvitrines.ovh\/omacaron\/wp-json\/wp\/v2\/pages\/151\/revisions"}],"predecessor-version":[{"id":207,"href":"https:\/\/jl-sitesvitrines.ovh\/omacaron\/wp-json\/wp\/v2\/pages\/151\/revisions\/207"}],"wp:attachment":[{"href":"https:\/\/jl-sitesvitrines.ovh\/omacaron\/wp-json\/wp\/v2\/media?parent=151"}],"curies":[{"name":"wp","href":"https:\/\/api.w.org\/{rel}","templated":true}]}}