{"id":149,"date":"2021-01-25T22:37:03","date_gmt":"2021-01-25T21:37:03","guid":{"rendered":"http:\/\/jl-sitesvitrines.ovh\/omacaron\/?page_id=149"},"modified":"2021-01-27T22:54:12","modified_gmt":"2021-01-27T21:54:12","slug":"faq-foire-aux-questions","status":"publish","type":"page","link":"https:\/\/jl-sitesvitrines.ovh\/omacaron\/faq-foire-aux-questions\/","title":{"rendered":"FAQ &#8211; Foire Aux Questions"},"content":{"rendered":"<p><strong>Qu\u2019est-ce qu\u2019un macaron?<br \/>\n<\/strong>Le macaron est un petit g\u00e2teau \u00e0 l\u2019amande, granuleux et moelleux, \u00e0 la forme arrondie, d\u00e9riv\u00e9 de la meringue. Il est d\u00e9clin\u00e9 en plusieurs saveurs classiques (vanille,chocolat)\u2026 ou originales (lavande, romarin\u2026).<\/p>\n<p><strong>Bio<br \/>\n<\/strong>Vos macarons sont-ils vraiment bio ?<br \/>\nComment puis-je \u00eatre s\u00fbr que vos macarons sont 100 % bio ?<br \/>\nNos fournisseurs sont tous agr\u00e9\u00e9s bio.<\/p>\n<p><strong>Couleurs<br \/>\n<\/strong>Comment obtenez-vous des couleurs si vives avec des produits naturels ?<br \/>\nNous achetons nos colorants et nos parfums naturels chez nos fournisseurs bio.<\/p>\n<p><strong>Calories<br \/>\n<\/strong>Combien de calories contient un macaron ?<br \/>\n100 kcal\/macaron<\/p>\n<p>Combien de grammes de sucre dans un macaron ?<br \/>\nde 12 \u00e0 20 gr de sucre selon le macaron<\/p>\n<p><strong>Allergies<\/strong><br \/>\nJe suis allergique au gluten, puis-je manger vos macarons ?<br \/>\nExcellente question ! O\u2019Macaron a pens\u00e9 \u00e0 vous : Nous avons \u00e9labor\u00e9 une gamme de macarons gluten free.<\/p>\n<p><strong>Co\u00fbt<br \/>\n<\/strong>Combien faut-il compter pour un macaron?<br \/>\nNous avons d\u00e9cid\u00e9 d\u2019une fourchette allant de 1.20\u20ac \u00e0 2.00\u20ac en fonction du parfum\/de la sp\u00e9cialit\u00e9 ce qui nous permet l\u2019utilisation de condiments bio de qualit\u00e9 sup\u00e9rieure.<\/p>\n<p><strong>Livraison<\/strong><br \/>\nLivrez-vous \u00e0 domicile?<br \/>\nNous y pensons pour une mise en place dans un futur proche.<\/p>\n<p><strong>Bonus\/fid\u00e9lit\u00e9<\/strong><br \/>\nExiste-t\u2019il un syst\u00e8me de fid\u00e9lisation?<br \/>\nNous avons mis en place un syst\u00e8me de fid\u00e9lit\u00e9 (au verso de nos carte de visite). Une boite de 6 macarons (\u00e0 notre choix) vous sera offerte contre remise de la carte.<\/p>\n<p><strong>Situation<\/strong><br \/>\nNotre magasin est situ\u00e9 au coeur du vieux Salon-de-Provence.<\/p>\n","protected":false},"excerpt":{"rendered":"<p>Qu\u2019est-ce qu\u2019un macaron? Le macaron est un petit g\u00e2teau \u00e0 l\u2019amande, granuleux et moelleux, \u00e0 la forme arrondie, d\u00e9riv\u00e9 de la meringue. Il est d\u00e9clin\u00e9 en plusieurs saveurs classiques (vanille,chocolat)\u2026 [&hellip;]<\/p>\n","protected":false},"author":1,"featured_media":0,"parent":0,"menu_order":0,"comment_status":"closed","ping_status":"closed","template":"fullwidth.php","meta":{"_price":"","_stock":"","_tribe_ticket_header":"","_tribe_default_ticket_provider":"","_tribe_ticket_capacity":"0","_ticket_start_date":"","_ticket_end_date":"","_tribe_ticket_show_description":"","_tribe_ticket_show_not_going":false,"_tribe_ticket_use_global_stock":"","_tribe_ticket_global_stock_level":"","_global_stock_mode":"","_global_stock_cap":"","_tribe_rsvp_for_event":"","_tribe_ticket_going_count":"","_tribe_ticket_not_going_count":"","_tribe_tickets_list":"[]","_tribe_ticket_has_attendee_info_fields":false,"footnotes":""},"class_list":["post-149","page","type-page","status-publish","hentry"],"_links":{"self":[{"href":"https:\/\/jl-sitesvitrines.ovh\/omacaron\/wp-json\/wp\/v2\/pages\/149","targetHints":{"allow":["GET"]}}],"collection":[{"href":"https:\/\/jl-sitesvitrines.ovh\/omacaron\/wp-json\/wp\/v2\/pages"}],"about":[{"href":"https:\/\/jl-sitesvitrines.ovh\/omacaron\/wp-json\/wp\/v2\/types\/page"}],"author":[{"embeddable":true,"href":"https:\/\/jl-sitesvitrines.ovh\/omacaron\/wp-json\/wp\/v2\/users\/1"}],"replies":[{"embeddable":true,"href":"https:\/\/jl-sitesvitrines.ovh\/omacaron\/wp-json\/wp\/v2\/comments?post=149"}],"version-history":[{"count":3,"href":"https:\/\/jl-sitesvitrines.ovh\/omacaron\/wp-json\/wp\/v2\/pages\/149\/revisions"}],"predecessor-version":[{"id":210,"href":"https:\/\/jl-sitesvitrines.ovh\/omacaron\/wp-json\/wp\/v2\/pages\/149\/revisions\/210"}],"wp:attachment":[{"href":"https:\/\/jl-sitesvitrines.ovh\/omacaron\/wp-json\/wp\/v2\/media?parent=149"}],"curies":[{"name":"wp","href":"https:\/\/api.w.org\/{rel}","templated":true}]}}